{"id":4,"date":"2021-05-01T10:05:03","date_gmt":"2021-05-01T10:05:03","guid":{"rendered":"https:\/\/hartmut-layer.de\/?page_id=4"},"modified":"2022-08-19T21:43:25","modified_gmt":"2022-08-19T21:43:25","slug":"willkommen-auf-https-hartmut-layer-de","status":"publish","type":"page","link":"https:\/\/hartmut-layer.de\/?page_id=4","title":{"rendered":"Pianofingers Level 1 &#038; 2"},"content":{"rendered":"\n<p class=\"has-large-font-size\"><strong><sup><mark style=\"background-color:rgba(0, 0, 0, 0);color:#48b4e3\" class=\"has-inline-color\">Piano Fingers bei Amazon.de verf\u00fcgbar<\/mark><\/sup><\/strong><\/p>\n\n\n\n<figure class=\"wp-block-embed is-type-rich is-provider-amazon wp-block-embed-amazon\"><div class=\"wp-block-embed__wrapper\">\n<iframe loading=\"lazy\" title=\"Piano Fingers: 17 &amp; 15 Easy Piano Songs. Pop Level 1 &amp; 2\" type=\"text\/html\" width=\"800\" height=\"550\" frameborder=\"0\" allowfullscreen style=\"max-width:100%\" src=\"https:\/\/lesen.amazon.de\/kp\/card?preview=inline&#038;linkCode=kpd&#038;ref_=k4w_oembed_h8AlVULPoFcg00&#038;asin=3753471925&#038;tag=kpembed-20\"><\/iframe>\n<\/div><\/figure>\n\n\n\n<p class=\"has-text-align-center has-large-font-size\"><mark style=\"background-color:rgba(0, 0, 0, 0);color:#28baf0\" class=\"has-inline-color\"><sup>Videomaterial mit H\u00f6rbeispiele unter;<\/sup><\/mark><\/p>\n\n\n\n<figure class=\"wp-block-embed is-type-video is-provider-youtube wp-block-embed-youtube wp-embed-aspect-16-9 wp-has-aspect-ratio\"><div class=\"wp-block-embed__wrapper\">\n<iframe loading=\"lazy\" title=\"Pianofingers 1&amp; 2\" width=\"800\" height=\"450\" src=\"https:\/\/www.youtube.com\/embed\/m62DMgZ4NnY?start=362&#038;feature=oembed\" frameborder=\"0\" allow=\"accelerometer; autoplay; clipboard-write; encrypted-media; gyroscope; picture-in-picture\" allowfullscreen><\/iframe>\n<\/div><\/figure>\n\n\n\n<p class=\"has-text-align-center\"><strong>Pianofingers 1 i<\/strong>st der Einstieg f\u00fcr Kinder und Erwachsene.<br>Tempis k\u00f6nnen nat\u00fcrlich Individuell angepasst werden und je nach<br>\u00dcbungsstand erh\u00f6ht werden. Das Metronom sollte auch<br>eingesetzt werden, da Rhythmik im Popbereich genau im \u201eBeat\u201c<br>sein muss.<br><\/p>\n\n\n\n<p><strong>Hartmut Layer Piano Fingers Pop<br>Level 1<\/strong><br>Inhalt<br>Easy Swing und Shining . . . . . . . . . . . . . . 6<br>Astor. . . . . . . . . . . . . . . . . . . . . . . . . . . . . . . 7<br>Morning Sun . . . . . . . . . . . . . . . . . . . . . . . .8<br>Brother . . . . . . . . . . . . . . . . . . . . . . . . . . .  . 9<br>Falling Trops . . . . . . . . . . . . . . . . . . . . . . . .10<br>Don\u00b4t stop me now . . . . . . . . . . . . . . . . . .11<br>Save your life . . . . . . . . . . . . . . . . . . . . . . ..12<br>Sugar Face . . . . . . . . . . . . . . . . . . . . . . . . ..13<br>Royal . . . . . . . . . . . . . . . . . . . . . . . . . . . . . .14<br>A Foggy Day . . . . . . . . . . . . . . . . . . . . . . . 15<br>Home . . . . . . . . . . . . . . . . . . . . . . . . . . . . . 16<br>Reggae-Pop . . . . . . . . . . . . . . . . . . . . . . . .17<br>Clear Water. . . . . . . . . . . . . . . . . . . . . . . . .18<br>Walking Groove . . . . . . . . . . . . . . . . . . . . 19<br>Sentimental Walz . . . . . . . . . . . . . . . . . . ..20<br>Silent Waves . . . . . . . . . . . . . . . . . . . . . . . 21<br>Online Material unter<br>www.hartmut-layer.de<br>stehen kostenlos zur Verf\u00fcgung<\/p>\n\n\n\n<p><strong>Hartmut Layer Piano Fingers Pop<br>Level 2<\/strong><br>Inhalt<br>Stiller Mond . . . . . . . . . . . . . . . . . . . . . . . . 3<br>Pour elle\u00b4. . . . . . . . . . . . . . . . . . . . . . . . . . ..5<br>Desert . . . . . . . . . . . . . . . . . . . . . . . . . . . . ..7<br>Luxusluft. . . . . . . . . . . . . . . . . . . . . . . . . . ..9<br>Lucky Elefant . . . . . . . . . . . . . . . . . . . . . . 12<br>Bodensee . . . . . . . . . . . . . . . . . . . . . . . . . 14<br>Remember . . . . . . . . . . . . . . . . . . . . . . . . 17<br>80er . . . . . . . . . . . . . . . . . . . . . . . . . . . . . ..19<br>When your time is all over . . . . . . . . . . .23<br>Zeitzone . . . . . . . . . . . . . . . . . . . . . . . . . . 26<br>Seven Lifes . . . . . . . . . . . . . . . . . . . . . . . ..30<br>Silent Movement . . . . . . . . . . . . . . . . . . .33<br>Child of a Child . . . . . . . . . . . . . . . . . . . . 35<br>Vita Nova . . . . . . . . . . . . . . . . . . . . . . . . ..42<br>Mein Leben leben . . . . . . . . . . . . . . . . . .50<br>Online Material unter<br>www.hartmut-layer.de<br>stehen kostenlos zur Verf\u00fcgung<\/p>\n\n\n\n<figure class=\"wp-block-embed is-type-video is-provider-youtube wp-block-embed-youtube wp-embed-aspect-16-9 wp-has-aspect-ratio\"><div class=\"wp-block-embed__wrapper\">\n<iframe loading=\"lazy\" title=\"Pianofingers 1&amp; 2\" width=\"800\" height=\"450\" src=\"https:\/\/www.youtube.com\/embed\/m62DMgZ4NnY?start=362&#038;feature=oembed\" frameborder=\"0\" allow=\"accelerometer; autoplay; clipboard-write; encrypted-media; gyroscope; picture-in-picture\" allowfullscreen><\/iframe>\n<\/div><\/figure>\n\n\n\n<figure class=\"wp-block-pullquote has-small-font-size\"><blockquote><p><mark style=\"background-color:rgba(0, 0, 0, 0);color:#29c1fd\" class=\"has-inline-color\">Allen, die diesen Band spielen, w\u00fcnschen ich von ganzem Herzen<\/mark> <\/p><p><mark style=\"background-color:rgba(0, 0, 0, 0);color:#29c1fd\" class=\"has-inline-color\">viel Spa\u00df<\/mark><\/p><p>Ihr Hartmut Layer<\/p><cite>Pianofingers Level 1 &amp; 2 <br>musick<\/cite><\/blockquote><\/figure>\n","protected":false},"excerpt":{"rendered":"<p>Piano Fingers bei Amazon.de verf\u00fcgbar Videomaterial mit H\u00f6rbeispiele unter; Pianofingers 1 ist der Einstieg f\u00fcr Kinder und Erwachsene.Tempis k\u00f6nnen nat\u00fcrlich Individuell angepasst werden und je nach\u00dcbungsstand erh\u00f6ht werden. Das Metronom sollte aucheingesetzt werden, da Rhythmik&hellip; <\/p>\n<p><a class=\"more-link\" href=\"https:\/\/hartmut-layer.de\/?page_id=4\">Pianofingers Level 1 &#038; 2 weiterlesen<\/a><\/p>\n","protected":false},"author":1,"featured_media":0,"parent":49,"menu_order":0,"comment_status":"closed","ping_status":"closed","template":"","meta":{"footnotes":""},"_links":{"self":[{"href":"https:\/\/hartmut-layer.de\/index.php?rest_route=\/wp\/v2\/pages\/4"}],"collection":[{"href":"https:\/\/hartmut-layer.de\/index.php?rest_route=\/wp\/v2\/pages"}],"about":[{"href":"https:\/\/hartmut-layer.de\/index.php?rest_route=\/wp\/v2\/types\/page"}],"author":[{"embeddable":true,"href":"https:\/\/hartmut-layer.de\/index.php?rest_route=\/wp\/v2\/users\/1"}],"replies":[{"embeddable":true,"href":"https:\/\/hartmut-layer.de\/index.php?rest_route=%2Fwp%2Fv2%2Fcomments&post=4"}],"version-history":[{"count":15,"href":"https:\/\/hartmut-layer.de\/index.php?rest_route=\/wp\/v2\/pages\/4\/revisions"}],"predecessor-version":[{"id":363,"href":"https:\/\/hartmut-layer.de\/index.php?rest_route=\/wp\/v2\/pages\/4\/revisions\/363"}],"up":[{"embeddable":true,"href":"https:\/\/hartmut-layer.de\/index.php?rest_route=\/wp\/v2\/pages\/49"}],"wp:attachment":[{"href":"https:\/\/hartmut-layer.de\/index.php?rest_route=%2Fwp%2Fv2%2Fmedia&parent=4"}],"curies":[{"name":"wp","href":"https:\/\/api.w.org\/{rel}","templated":true}]}}