{"id":53,"date":"2021-05-11T09:14:32","date_gmt":"2021-05-11T09:14:32","guid":{"rendered":"https:\/\/hartmut-layer.de\/?page_id=53"},"modified":"2021-05-11T09:18:44","modified_gmt":"2021-05-11T09:18:44","slug":"vita","status":"publish","type":"page","link":"https:\/\/hartmut-layer.de\/?page_id=53","title":{"rendered":"Vita"},"content":{"rendered":"\n<figure class=\"wp-block-image\"><img decoding=\"async\" src=\"https:\/\/de-livepages.strato.com\/mediapool\/133\/1332418\/resources\/56719622.jpg\" alt=\"\" title=\"\"\/><\/figure>\n\n\n\n<p><strong>I did it my way<\/strong><\/p>\n\n\n\n<p>Hartmut Layer ist 1967 in Esslingen am Neckar geboren. Nach dem Abitur in einem musisch orientierten Gymnasium studierte er Musik im Bereich Jazz und Blues.&nbsp;<br><br>Durch seine langj\u00e4hrige T\u00e4tigkeit als Musiker besitzt Hartmut Layer eine gro\u00dfe Bandbreite an Repertoire und Stilrichtungen von Pop Blues Jazz Country Soul bis Klassik<br>Seit 1995 ist er Musiklehrer an privaten Musikschulen &#8222;Klavieratelier Layer&#8220; und \u00f6ffentlichen Musikschulen in Winnenden und Schorndorf.<br><br>Er ist zertifiziert von Yamaha als Klavier und Keyboardlehrer.&nbsp;<\/p>\n\n\n\n<p>Als Komponist und Arrangeur machte sich Hartmut Layer mit seiner CD&#8220;At the&nbsp;Crossroad you stand&#8220;einen Namen<\/p>\n","protected":false},"excerpt":{"rendered":"<p>I did it my way Hartmut Layer ist 1967 in Esslingen am Neckar geboren. Nach dem Abitur in einem musisch orientierten Gymnasium studierte er Musik im Bereich Jazz und Blues.&nbsp; Durch seine langj\u00e4hrige T\u00e4tigkeit als&hellip; <\/p>\n<p><a class=\"more-link\" href=\"https:\/\/hartmut-layer.de\/?page_id=53\">Vita weiterlesen<\/a><\/p>\n","protected":false},"author":1,"featured_media":0,"parent":0,"menu_order":0,"comment_status":"closed","ping_status":"closed","template":"","meta":{"footnotes":""},"_links":{"self":[{"href":"https:\/\/hartmut-layer.de\/index.php?rest_route=\/wp\/v2\/pages\/53"}],"collection":[{"href":"https:\/\/hartmut-layer.de\/index.php?rest_route=\/wp\/v2\/pages"}],"about":[{"href":"https:\/\/hartmut-layer.de\/index.php?rest_route=\/wp\/v2\/types\/page"}],"author":[{"embeddable":true,"href":"https:\/\/hartmut-layer.de\/index.php?rest_route=\/wp\/v2\/users\/1"}],"replies":[{"embeddable":true,"href":"https:\/\/hartmut-layer.de\/index.php?rest_route=%2Fwp%2Fv2%2Fcomments&post=53"}],"version-history":[{"count":2,"href":"https:\/\/hartmut-layer.de\/index.php?rest_route=\/wp\/v2\/pages\/53\/revisions"}],"predecessor-version":[{"id":57,"href":"https:\/\/hartmut-layer.de\/index.php?rest_route=\/wp\/v2\/pages\/53\/revisions\/57"}],"wp:attachment":[{"href":"https:\/\/hartmut-layer.de\/index.php?rest_route=%2Fwp%2Fv2%2Fmedia&parent=53"}],"curies":[{"name":"wp","href":"https:\/\/api.w.org\/{rel}","templated":true}]}}